{"id":87,"date":"2015-10-22T03:17:26","date_gmt":"2015-10-22T03:17:26","guid":{"rendered":"http:\/\/demo.thimpress.com\/eduma\/?page_id=87"},"modified":"2026-04-01T15:30:40","modified_gmt":"2026-04-01T21:30:40","slug":"contact","status":"publish","type":"page","link":"https:\/\/digitalmente.org.gt\/en\/contact\/","title":{"rendered":"Contact Us"},"content":{"rendered":"<div data-elementor-type=\"wp-post\" data-elementor-id=\"87\" class=\"elementor elementor-87\">\n\t\t\t\t\t\t<section class=\"elementor-section elementor-top-section elementor-element elementor-element-3e13ad1 elementor-section-stretched elementor-section-boxed elementor-section-height-default elementor-section-height-default\" data-id=\"3e13ad1\" data-element_type=\"section\" data-e-type=\"section\" data-settings=\"{&quot;stretch_section&quot;:&quot;section-stretched&quot;}\">\n\t\t\t\t\t\t<div class=\"elementor-container elementor-column-gap-custom\">\n\t\t\t\t\t<div class=\"elementor-column elementor-col-50 elementor-top-column elementor-element elementor-element-7581677\" data-id=\"7581677\" data-element_type=\"column\" data-e-type=\"column\" data-settings=\"{&quot;background_background&quot;:&quot;classic&quot;}\">\n\t\t\t<div class=\"elementor-widget-wrap elementor-element-populated\">\n\t\t\t\t\t\t<div class=\"elementor-element elementor-element-a66d183 iconbox-text-center elementor-widget elementor-widget-thim-icon-box\" data-id=\"a66d183\" data-element_type=\"widget\" data-e-type=\"widget\" data-widget_type=\"thim-icon-box.default\">\n\t\t\t\t<div class=\"elementor-widget-container\">\n\t\t\t\t\t<div class=\"thim-widget-icon-box\"><div class=\"wrapper-box-icon text-center\"><div class=\"smicon-box iconbox-top\"><div class=\"boxes-icon\"><span class=\"inner-icon\"><span class=\"icon\"><i aria-hidden=\"true\" class=\"tk tk-teacher\"><\/i><\/span><\/span><\/div><div class=\"content-inner\"><div class=\"sc-heading\"><p class=\"heading__primary\">Informaci\u00f3n de contacto<\/p><\/div><div class=\"desc-icon-box\"><div class=\"desc-content\">Tel\u00e9fono: (+502) - 1234 - 1234 <\/br>\nMail: info@digitalmente.org.gt<\/div><\/div><\/div><\/div><\/div><\/div>\t\t\t\t<\/div>\n\t\t\t\t<\/div>\n\t\t\t\t\t<\/div>\n\t\t<\/div>\n\t\t\t\t<div class=\"elementor-column elementor-col-50 elementor-top-column elementor-element elementor-element-77905de\" data-id=\"77905de\" data-element_type=\"column\" data-e-type=\"column\" data-settings=\"{&quot;background_background&quot;:&quot;classic&quot;}\">\n\t\t\t<div class=\"elementor-widget-wrap elementor-element-populated\">\n\t\t\t\t\t\t<div class=\"elementor-element elementor-element-578317a iconbox-text-center elementor-widget elementor-widget-thim-icon-box\" data-id=\"578317a\" data-element_type=\"widget\" data-e-type=\"widget\" data-widget_type=\"thim-icon-box.default\">\n\t\t\t\t<div class=\"elementor-widget-container\">\n\t\t\t\t\t<div class=\"thim-widget-icon-box\"><div class=\"wrapper-box-icon text-center\"><div class=\"smicon-box iconbox-top\"><div class=\"boxes-icon\"><span class=\"inner-icon\"><span class=\"icon\"><i aria-hidden=\"true\" class=\"tk tk-clock1\"><\/i><\/span><\/span><\/div><div class=\"content-inner\"><div class=\"sc-heading\"><p class=\"heading__primary\">Horarios de atenci\u00f3n<\/p><\/div><div class=\"desc-icon-box\"><div class=\"desc-content\">Lunes - Viernes: 09:00 - 17:00 <br\/>\nS\u00e1bado & Domingo: Cerrado<\/div><\/div><\/div><\/div><\/div><\/div>\t\t\t\t<\/div>\n\t\t\t\t<\/div>\n\t\t\t\t\t<\/div>\n\t\t<\/div>\n\t\t\t\t\t<\/div>\n\t\t<\/section>\n\t\t\t\t<section class=\"elementor-section elementor-top-section elementor-element elementor-element-71463fb elementor-section-boxed elementor-section-height-default elementor-section-height-default\" data-id=\"71463fb\" data-element_type=\"section\" data-e-type=\"section\">\n\t\t\t\t\t\t<div class=\"elementor-container elementor-column-gap-no\">\n\t\t\t\t\t<div class=\"elementor-column elementor-col-100 elementor-top-column elementor-element elementor-element-88b5840\" data-id=\"88b5840\" data-element_type=\"column\" data-e-type=\"column\">\n\t\t\t<div class=\"elementor-widget-wrap elementor-element-populated\">\n\t\t\t\t\t\t<div class=\"elementor-element elementor-element-74968e3 thim-ekits-heading-text-center elementor-widget thim-ekits-heading elementor-widget-thim-heading\" data-id=\"74968e3\" data-element_type=\"widget\" data-e-type=\"widget\" data-widget_type=\"thim-heading.default\">\n\t\t\t\t<div class=\"elementor-widget-container\">\n\t\t\t\t\t<div class=\"sc_heading text-center\"><h3 class=\"title\">Puedes llenar este formulario para contactarnos <\/h3><\/div>\t\t\t\t<\/div>\n\t\t\t\t<\/div>\n\t\t\t\t<div class=\"elementor-element elementor-element-db9c2bc elementor-widget elementor-widget-thim-ekits-contact-form-7\" data-id=\"db9c2bc\" data-element_type=\"widget\" data-e-type=\"widget\" data-widget_type=\"thim-ekits-contact-form-7.default\">\n\t\t\t\t<div class=\"elementor-widget-container\">\n\t\t\t\t\t\t\t\t<div class=\"thim-ekit-wpcf7\">\n\t\t\t\t\n<div class=\"wpcf7 no-js\" id=\"wpcf7-f16594-o1\" lang=\"en-US\" dir=\"ltr\" data-wpcf7-id=\"16594\">\n<div class=\"screen-reader-response\"><p role=\"status\" aria-live=\"polite\" aria-atomic=\"true\"><\/p> <ul><\/ul><\/div>\n<form action=\"\/en\/wp-json\/wp\/v2\/pages\/87#wpcf7-f16594-o1\" method=\"post\" class=\"wpcf7-form init\" aria-label=\"Contact form\" novalidate=\"novalidate\" data-status=\"init\" data-trp-original-action=\"\/en\/wp-json\/wp\/v2\/pages\/87#wpcf7-f16594-o1\">\n<fieldset class=\"hidden-fields-container\"><input type=\"hidden\" name=\"_wpcf7\" value=\"16594\" \/><input type=\"hidden\" name=\"_wpcf7_version\" value=\"6.1.5\" \/><input type=\"hidden\" name=\"_wpcf7_locale\" value=\"en_US\" \/><input type=\"hidden\" name=\"_wpcf7_unit_tag\" value=\"wpcf7-f16594-o1\" \/><input type=\"hidden\" name=\"_wpcf7_container_post\" value=\"0\" \/><input type=\"hidden\" name=\"_wpcf7_posted_data_hash\" value=\"\" \/><input type=\"hidden\" name=\"_wpcf7_recaptcha_response\" value=\"\" \/>\n<\/fieldset>\n<p><span class=\"wpcf7-form-control-wrap\" data-name=\"your-name\"><input size=\"40\" maxlength=\"400\" class=\"wpcf7-form-control wpcf7-text\" aria-invalid=\"false\" placeholder=\"Nombre *\" value=\"\" type=\"text\" name=\"your-name\" \/><\/span>\n<\/p>\n<p><span class=\"wpcf7-form-control-wrap\" data-name=\"your-email\"><input size=\"40\" maxlength=\"400\" class=\"wpcf7-form-control wpcf7-email wpcf7-validates-as-required wpcf7-text wpcf7-validates-as-email\" aria-required=\"true\" aria-invalid=\"false\" placeholder=\"Correo *\" value=\"\" type=\"email\" name=\"your-email\" \/><\/span>\n<\/p>\n<p><span class=\"wpcf7-form-control-wrap\" data-name=\"your-subject\"><input size=\"40\" maxlength=\"400\" class=\"wpcf7-form-control wpcf7-text wpcf7-validates-as-required\" aria-required=\"true\" aria-invalid=\"false\" placeholder=\"Asunto *\" value=\"\" type=\"text\" name=\"your-subject\" \/><\/span>\n<\/p>\n<p><span class=\"wpcf7-form-control-wrap\" data-name=\"your-message\"><textarea cols=\"40\" rows=\"10\" maxlength=\"2000\" class=\"wpcf7-form-control wpcf7-textarea\" aria-invalid=\"false\" placeholder=\"Mensaje *\" name=\"your-message\"><\/textarea><\/span>\n<\/p>\n<p><input class=\"wpcf7-form-control wpcf7-submit has-spinner\" type=\"submit\" value=\"Enviar\" \/>\n<\/p><div class=\"wpcf7-response-output\" aria-hidden=\"true\"><\/div>\n<input type=\"hidden\" name=\"trp-form-language\" value=\"en\"\/><\/form>\n<\/div>\n\t\t\t<\/div>\n\t\t\t\t\t\t<\/div>\n\t\t\t\t<\/div>\n\t\t\t\t\t<\/div>\n\t\t<\/div>\n\t\t\t\t\t<\/div>\n\t\t<\/section>\n\t\t\t\t<section class=\"elementor-section elementor-top-section elementor-element elementor-element-9e3e8fb elementor-section-stretched elementor-section-boxed elementor-section-height-default elementor-section-height-default\" data-id=\"9e3e8fb\" data-element_type=\"section\" data-e-type=\"section\" data-settings=\"{&quot;stretch_section&quot;:&quot;section-stretched&quot;}\">\n\t\t\t\t\t\t<div class=\"elementor-container elementor-column-gap-no\">\n\t\t\t\t\t<div class=\"elementor-column elementor-col-100 elementor-top-column elementor-element elementor-element-9e34713\" data-id=\"9e34713\" data-element_type=\"column\" data-e-type=\"column\">\n\t\t\t<div class=\"elementor-widget-wrap elementor-element-populated\">\n\t\t\t\t\t\t<div class=\"elementor-element elementor-element-052e901 elementor-widget elementor-widget-google_maps\" data-id=\"052e901\" data-element_type=\"widget\" data-e-type=\"widget\" data-widget_type=\"google_maps.default\">\n\t\t\t\t\t\t\t<div class=\"elementor-custom-embed\">\n\t\t\t<iframe loading=\"lazy\"\n\t\t\t\t\tsrc=\"https:\/\/maps.google.com\/maps?q=58%20Howard%20Street%20%232%20San%20Francisco&#038;t=m&#038;z=12&#038;output=embed&#038;iwloc=near\"\n\t\t\t\t\ttitle=\"58 Howard Street #2 San Francisco\"\n\t\t\t\t\taria-label=\"58 Howard Street #2 San Francisco\"\n\t\t\t><\/iframe>\n\t\t<\/div>\n\t\t\t\t\t\t<\/div>\n\t\t\t\t\t<\/div>\n\t\t<\/div>\n\t\t\t\t\t<\/div>\n\t\t<\/section>\n\t\t\t\t<section class=\"elementor-section elementor-top-section elementor-element elementor-element-64871ef elementor-section-boxed elementor-section-height-default elementor-section-height-default\" data-id=\"64871ef\" data-element_type=\"section\" data-e-type=\"section\">\n\t\t\t\t\t\t<div class=\"elementor-container elementor-column-gap-default\">\n\t\t\t\t\t<div class=\"elementor-column elementor-col-100 elementor-top-column elementor-element elementor-element-5320d81\" data-id=\"5320d81\" data-element_type=\"column\" data-e-type=\"column\">\n\t\t\t<div class=\"elementor-widget-wrap elementor-element-populated\">\n\t\t\t\t\t\t<div class=\"elementor-element elementor-element-424454e elementor-widget thim-widget-gallery-images\" data-id=\"424454e\" data-element_type=\"widget\" data-e-type=\"widget\" data-widget_type=\"thim-gallery-images.default\">\n\t\t\t\t<div class=\"elementor-widget-container\">\n\t\t\t\t\t<div class=\"thim-carousel-wrapper gallery-img not_have_color\" data-visible=\"5\" data-itemtablet=\"3\" data-autoplay=\"5000\" data-navigation=\"1\" data-pagination=\"0\" data-loop=\"true\"><div class=\"item\"><a target=\"_self\" href=\"#\"><img decoding=\"async\" width=\"145\" height=\"45\" src=\"https:\/\/digitalmente.org.gt\/wp-content\/uploads\/2022\/04\/banner1.png\" class=\"attachment-full size-full\" alt=\"banner1\" \/><\/a><\/div><div class=\"item\"><a target=\"_self\" href=\"#\"><img decoding=\"async\" width=\"145\" height=\"45\" src=\"https:\/\/digitalmente.org.gt\/wp-content\/uploads\/2022\/04\/banner2.png\" class=\"attachment-full size-full\" alt=\"banner2\" \/><\/a><\/div><div class=\"item\"><a target=\"_self\" href=\"#\"><img decoding=\"async\" width=\"145\" height=\"45\" src=\"https:\/\/digitalmente.org.gt\/wp-content\/uploads\/2022\/04\/banner3.png\" class=\"attachment-full size-full\" alt=\"banner3\" \/><\/a><\/div><div class=\"item\"><a target=\"_self\" href=\"#\"><img loading=\"lazy\" decoding=\"async\" width=\"145\" height=\"45\" src=\"https:\/\/digitalmente.org.gt\/wp-content\/uploads\/2022\/04\/banner4.png\" class=\"attachment-full size-full\" alt=\"banner4\" \/><\/a><\/div><div class=\"item\"><a target=\"_self\" href=\"#\"><img loading=\"lazy\" decoding=\"async\" width=\"145\" height=\"45\" src=\"https:\/\/digitalmente.org.gt\/wp-content\/uploads\/2022\/04\/banner5.png\" class=\"attachment-full size-full\" alt=\"banner5\" \/><\/a><\/div><div class=\"item\"><a target=\"_self\" href=\"#\"><img loading=\"lazy\" decoding=\"async\" width=\"145\" height=\"45\" src=\"https:\/\/digitalmente.org.gt\/wp-content\/uploads\/2022\/04\/banner6.png\" class=\"attachment-full size-full\" alt=\"banner6\" \/><\/a><\/div><div class=\"item\"><a target=\"_self\" href=\"#\"><img loading=\"lazy\" decoding=\"async\" width=\"145\" height=\"45\" src=\"https:\/\/digitalmente.org.gt\/wp-content\/uploads\/2022\/04\/banner7.png\" class=\"attachment-full size-full\" alt=\"banner7\" \/><\/a><\/div><div class=\"item\"><a target=\"_self\" href=\"#\"><img loading=\"lazy\" decoding=\"async\" width=\"145\" height=\"45\" src=\"https:\/\/digitalmente.org.gt\/wp-content\/uploads\/2022\/04\/banner8.png\" class=\"attachment-full size-full\" alt=\"banner8\" \/><\/a><\/div><\/div>\t\t\t\t<\/div>\n\t\t\t\t<\/div>\n\t\t\t\t\t<\/div>\n\t\t<\/div>\n\t\t\t\t\t<\/div>\n\t\t<\/section>\n\t\t\t\t<\/div>","protected":false},"excerpt":{"rendered":"<p>Informaci\u00f3n de contacto Tel\u00e9fono: (+502) &#8211; 1234 &#8211; 1234 Mail: info@digitalmente.org.gt Horarios de atenci\u00f3n Lunes &#8211; Viernes: 09:00 &#8211; 17:00 S\u00e1bado &#038; Domingo: Cerrado Puedes llenar este formulario para contactarnos<\/p>","protected":false},"author":1,"featured_media":0,"parent":0,"menu_order":0,"comment_status":"closed","ping_status":"closed","template":"","meta":{"footnotes":""},"class_list":["post-87","page","type-page","status-publish","hentry"],"_hostinger_reach_plugin_has_subscription_block":false,"_hostinger_reach_plugin_is_elementor":false,"_links":{"self":[{"href":"https:\/\/digitalmente.org.gt\/en\/wp-json\/wp\/v2\/pages\/87","targetHints":{"allow":["GET"]}}],"collection":[{"href":"https:\/\/digitalmente.org.gt\/en\/wp-json\/wp\/v2\/pages"}],"about":[{"href":"https:\/\/digitalmente.org.gt\/en\/wp-json\/wp\/v2\/types\/page"}],"author":[{"embeddable":true,"href":"https:\/\/digitalmente.org.gt\/en\/wp-json\/wp\/v2\/users\/1"}],"replies":[{"embeddable":true,"href":"https:\/\/digitalmente.org.gt\/en\/wp-json\/wp\/v2\/comments?post=87"}],"version-history":[{"count":7,"href":"https:\/\/digitalmente.org.gt\/en\/wp-json\/wp\/v2\/pages\/87\/revisions"}],"predecessor-version":[{"id":16597,"href":"https:\/\/digitalmente.org.gt\/en\/wp-json\/wp\/v2\/pages\/87\/revisions\/16597"}],"wp:attachment":[{"href":"https:\/\/digitalmente.org.gt\/en\/wp-json\/wp\/v2\/media?parent=87"}],"curies":[{"name":"wp","href":"https:\/\/api.w.org\/{rel}","templated":true}]}}