{"id":2901,"date":"2015-11-18T08:34:00","date_gmt":"2015-11-18T08:34:00","guid":{"rendered":"http:\/\/demo.thimpress.com\/eduma\/?page_id=2901"},"modified":"2026-03-10T23:12:51","modified_gmt":"2026-03-11T05:12:51","slug":"about-us","status":"publish","type":"page","link":"https:\/\/digitalmente.org.gt\/en\/about-us\/","title":{"rendered":"About Us"},"content":{"rendered":"<div data-elementor-type=\"wp-post\" data-elementor-id=\"2901\" class=\"elementor elementor-2901\">\n\t\t\t\t\t\t<section class=\"elementor-section elementor-top-section elementor-element elementor-element-7d27883 elementor-section-stretched elementor-section-boxed elementor-section-height-default elementor-section-height-default\" data-id=\"7d27883\" data-element_type=\"section\" data-e-type=\"section\" data-settings=\"{&quot;stretch_section&quot;:&quot;section-stretched&quot;}\">\n\t\t\t\t\t\t<div class=\"elementor-container elementor-column-gap-default\">\n\t\t\t\t\t<div class=\"elementor-column elementor-col-100 elementor-top-column elementor-element elementor-element-d513acf\" data-id=\"d513acf\" data-element_type=\"column\" data-e-type=\"column\">\n\t\t\t<div class=\"elementor-widget-wrap elementor-element-populated\">\n\t\t\t\t\t\t<div class=\"elementor-element elementor-element-3197733 thim-ekits-heading-text-center elementor-widget thim-ekits-heading elementor-widget-thim-heading\" data-id=\"3197733\" data-element_type=\"widget\" data-e-type=\"widget\" data-widget_type=\"thim-heading.default\">\n\t\t\t\t<div class=\"elementor-widget-container\">\n\t\t\t\t\t<div class=\"sc_heading text-center\"><h2 class=\"title\">Digital  <span class=\"thim-color\">Mente<\/span><\/h2><div class=\"sub-heading\"><p>DigitalMente es una organizaci\u00f3n que forma personas \u00edntegras en un mundo digital. Unimos el aprendizaje de herramientas tecnol\u00f3gicas con principios b\u00edblicos, para que cada persona no solo se capacite para el mundo digital, sino que tambi\u00e9n fortalezca su fe y car\u00e1cter conforme a la palabra de Dios utilizando la tecnolog\u00eda con sabidur\u00eda, responsabilidad y fe. Nuestro nombre refleja la importancia de preparar la mente en lo intelectual sin olvidar el llamado de Dios a renovar nuestra mente.<\/p>\n<\/div><\/div>\t\t\t\t<\/div>\n\t\t\t\t<\/div>\n\t\t\t\t\t<\/div>\n\t\t<\/div>\n\t\t\t\t\t<\/div>\n\t\t<\/section>\n\t\t\t\t<section class=\"elementor-section elementor-top-section elementor-element elementor-element-dbdef59 elementor-section-stretched elementor-section-boxed elementor-section-height-default elementor-section-height-default\" data-id=\"dbdef59\" data-element_type=\"section\" data-e-type=\"section\" data-settings=\"{&quot;stretch_section&quot;:&quot;section-stretched&quot;,&quot;background_background&quot;:&quot;classic&quot;}\">\n\t\t\t\t\t\t<div class=\"elementor-container elementor-column-gap-no\">\n\t\t\t\t\t<div class=\"elementor-column elementor-col-100 elementor-top-column elementor-element elementor-element-7a78582\" data-id=\"7a78582\" data-element_type=\"column\" data-e-type=\"column\">\n\t\t\t<div class=\"elementor-widget-wrap elementor-element-populated\">\n\t\t\t\t\t\t<div class=\"elementor-element elementor-element-de2c6d7 thim-ekits-heading-text-center elementor-widget thim-ekits-heading elementor-widget-thim-heading\" data-id=\"de2c6d7\" data-element_type=\"widget\" data-e-type=\"widget\" data-widget_type=\"thim-heading.default\">\n\t\t\t\t<div class=\"elementor-widget-container\">\n\t\t\t\t\t<div class=\"sc_heading text-center\"><h2 class=\"title\">Nuestros programas <\/h2><\/div>\t\t\t\t<\/div>\n\t\t\t\t<\/div>\n\t\t\t\t\t<\/div>\n\t\t<\/div>\n\t\t\t\t\t<\/div>\n\t\t<\/section>\n\t\t\t\t<section class=\"elementor-section elementor-top-section elementor-element elementor-element-2774d67 elementor-section-stretched elementor-section-boxed elementor-section-height-default elementor-section-height-default\" data-id=\"2774d67\" data-element_type=\"section\" data-e-type=\"section\" data-settings=\"{&quot;stretch_section&quot;:&quot;section-stretched&quot;,&quot;background_background&quot;:&quot;classic&quot;}\">\n\t\t\t\t\t\t<div class=\"elementor-container elementor-column-gap-default\">\n\t\t\t\t\t<div class=\"elementor-column elementor-col-25 elementor-top-column elementor-element elementor-element-550e34f\" data-id=\"550e34f\" data-element_type=\"column\" data-e-type=\"column\">\n\t\t\t<div class=\"elementor-widget-wrap elementor-element-populated\">\n\t\t\t\t\t\t<div class=\"elementor-element elementor-element-fb15edd iconbox-text-left elementor-widget elementor-widget-thim-icon-box\" data-id=\"fb15edd\" data-element_type=\"widget\" data-e-type=\"widget\" data-widget_type=\"thim-icon-box.default\">\n\t\t\t\t<div class=\"elementor-widget-container\">\n\t\t\t\t\t<div class=\"thim-widget-icon-box\"><div class=\"wrapper-box-icon has_custom_image text-left\"><div class=\"smicon-box iconbox-top\"><div class=\"boxes-icon\"><a class=\"icon-box-link\" href=\"#\" target=\"_blank\"><span class=\"inner-icon\"><span class=\"icon icon-images\"><img fetchpriority=\"high\" decoding=\"async\" src=\"https:\/\/digitalmente.org.gt\/wp-content\/uploads\/2015\/11\/courses-7.jpg\" alt=\"courses 7\"  width=\"970\" height=\"560\"><\/span><\/span><\/a><\/div><div class=\"content-inner\"><div class=\"sc-heading\"><h3 class=\"heading__primary\"><a class=\"icon-box-link\" href=\"#\" target=\"_blank\">Formando Mentes<\/a><\/h3><\/div><div class=\"desc-icon-box\"><div class=\"desc-content\">Capacitar a ni\u00f1os, j\u00f3venes y adultos en el uso responsable, seguro y \u00e9tico de las herramientas digitales, desarrollando habilidades pr\u00e1cticas para el entorno digital moderno.<\/div><a class=\"smicon-read sc-btn\" href=\"#\" target=\"_blank\">Conocer m\u00e1s <i class=\"edu-chevron-right\"><\/i><\/a><\/div><\/div><\/div><\/div><\/div>\t\t\t\t<\/div>\n\t\t\t\t<\/div>\n\t\t\t\t\t<\/div>\n\t\t<\/div>\n\t\t\t\t<div class=\"elementor-column elementor-col-25 elementor-top-column elementor-element elementor-element-c6d48a2\" data-id=\"c6d48a2\" data-element_type=\"column\" data-e-type=\"column\">\n\t\t\t<div class=\"elementor-widget-wrap elementor-element-populated\">\n\t\t\t\t\t\t<div class=\"elementor-element elementor-element-7cb1409 iconbox-text-left elementor-widget elementor-widget-thim-icon-box\" data-id=\"7cb1409\" data-element_type=\"widget\" data-e-type=\"widget\" data-widget_type=\"thim-icon-box.default\">\n\t\t\t\t<div class=\"elementor-widget-container\">\n\t\t\t\t\t<div class=\"thim-widget-icon-box\"><div class=\"wrapper-box-icon has_custom_image text-left\"><div class=\"smicon-box iconbox-top\"><div class=\"boxes-icon\"><a class=\"icon-box-link\" href=\"#\" target=\"_blank\"><span class=\"inner-icon\"><span class=\"icon icon-images\"><img fetchpriority=\"high\" decoding=\"async\" src=\"https:\/\/digitalmente.org.gt\/wp-content\/uploads\/2015\/11\/courses-7.jpg\" alt=\"courses 7\"  width=\"970\" height=\"560\"><\/span><\/span><\/a><\/div><div class=\"content-inner\"><div class=\"sc-heading\"><h3 class=\"heading__primary\"><a class=\"icon-box-link\" href=\"#\" target=\"_blank\">Guiando Mentes<\/a><\/h3><\/div><div class=\"desc-icon-box\"><div class=\"desc-content\">Fortalecer a organizaciones, iglesias y empresas en infraestructura tecnol\u00f3gica, seguridad digital y gesti\u00f3n \u00e9tica, promoviendo un entorno de trabajo alineado con valores cristianos.<\/div><a class=\"smicon-read sc-btn\" href=\"#\" target=\"_blank\">Conocer m\u00e1s <i class=\"edu-chevron-right\"><\/i><\/a><\/div><\/div><\/div><\/div><\/div>\t\t\t\t<\/div>\n\t\t\t\t<\/div>\n\t\t\t\t\t<\/div>\n\t\t<\/div>\n\t\t\t\t<div class=\"elementor-column elementor-col-25 elementor-top-column elementor-element elementor-element-8246a6f\" data-id=\"8246a6f\" data-element_type=\"column\" data-e-type=\"column\">\n\t\t\t<div class=\"elementor-widget-wrap elementor-element-populated\">\n\t\t\t\t\t\t<div class=\"elementor-element elementor-element-790c993 iconbox-text-left elementor-widget elementor-widget-thim-icon-box\" data-id=\"790c993\" data-element_type=\"widget\" data-e-type=\"widget\" data-widget_type=\"thim-icon-box.default\">\n\t\t\t\t<div class=\"elementor-widget-container\">\n\t\t\t\t\t<div class=\"thim-widget-icon-box\"><div class=\"wrapper-box-icon has_custom_image text-left\"><div class=\"smicon-box iconbox-top\"><div class=\"boxes-icon\"><a class=\"icon-box-link\" href=\"#\" target=\"_blank\"><span class=\"inner-icon\"><span class=\"icon icon-images\"><img decoding=\"async\" src=\"https:\/\/digitalmente.org.gt\/wp-content\/uploads\/2015\/12\/courses-4.jpg\" alt=\"courses 4\"  width=\"970\" height=\"560\"><\/span><\/span><\/a><\/div><div class=\"content-inner\"><div class=\"sc-heading\"><h3 class=\"heading__primary\"><a class=\"icon-box-link\" href=\"#\" target=\"_blank\">Equipando Mentes<\/a><\/h3><\/div><div class=\"desc-icon-box\"><div class=\"desc-content\">Crear oportunidades de acceso a recursos tecnol\u00f3gicos y materiales educativos priorizando comunidades con recursos limitados.<\/div><a class=\"smicon-read sc-btn\" href=\"#\" target=\"_blank\">Conocer m\u00e1s <i class=\"edu-chevron-right\"><\/i><\/a><\/div><\/div><\/div><\/div><\/div>\t\t\t\t<\/div>\n\t\t\t\t<\/div>\n\t\t\t\t\t<\/div>\n\t\t<\/div>\n\t\t\t\t<div class=\"elementor-column elementor-col-25 elementor-top-column elementor-element elementor-element-7169a04\" data-id=\"7169a04\" data-element_type=\"column\" data-e-type=\"column\">\n\t\t\t<div class=\"elementor-widget-wrap elementor-element-populated\">\n\t\t\t\t\t\t<div class=\"elementor-element elementor-element-890b45a iconbox-text-left elementor-widget elementor-widget-thim-icon-box\" data-id=\"890b45a\" data-element_type=\"widget\" data-e-type=\"widget\" data-widget_type=\"thim-icon-box.default\">\n\t\t\t\t<div class=\"elementor-widget-container\">\n\t\t\t\t\t<div class=\"thim-widget-icon-box\"><div class=\"wrapper-box-icon has_custom_image text-left\"><div class=\"smicon-box iconbox-top\"><div class=\"boxes-icon\"><a class=\"icon-box-link\" href=\"#\" target=\"_blank\"><span class=\"inner-icon\"><span class=\"icon icon-images\"><img decoding=\"async\" src=\"https:\/\/digitalmente.org.gt\/wp-content\/uploads\/2015\/06\/courses-8.jpg\" alt=\"courses 8\"  width=\"970\" height=\"560\"><\/span><\/span><\/a><\/div><div class=\"content-inner\"><div class=\"sc-heading\"><h3 class=\"heading__primary\"><a class=\"icon-box-link\" href=\"#\" target=\"_blank\">Edificando Mentes<\/a><\/h3><\/div><div class=\"desc-icon-box\"><div class=\"desc-content\">Acompa\u00f1ar a las personas en el crecimiento de su relaci\u00f3n con Dios y en el fortalecimiento de su car\u00e1cter cristiano, promoviendo la aplicaci\u00f3n de principios b\u00edblicos en su vida cotidiana y en su relaci\u00f3n con la tecnolog\u00eda.<\/div><a class=\"smicon-read sc-btn\" href=\"#\" target=\"_blank\">Conocer m\u00e1s <i class=\"edu-chevron-right\"><\/i><\/a><\/div><\/div><\/div><\/div><\/div>\t\t\t\t<\/div>\n\t\t\t\t<\/div>\n\t\t\t\t\t<\/div>\n\t\t<\/div>\n\t\t\t\t\t<\/div>\n\t\t<\/section>\n\t\t\t\t<section class=\"elementor-section elementor-top-section elementor-element elementor-element-d62a17f elementor-section-stretched elementor-section-boxed elementor-section-height-default elementor-section-height-default\" data-id=\"d62a17f\" data-element_type=\"section\" data-e-type=\"section\" data-settings=\"{&quot;stretch_section&quot;:&quot;section-stretched&quot;}\">\n\t\t\t\t\t\t<div class=\"elementor-container elementor-column-gap-default\">\n\t\t\t\t\t<div class=\"elementor-column elementor-col-100 elementor-top-column elementor-element elementor-element-95a28e6\" data-id=\"95a28e6\" data-element_type=\"column\" data-e-type=\"column\">\n\t\t\t<div class=\"elementor-widget-wrap elementor-element-populated\">\n\t\t\t\t\t\t<div class=\"elementor-element elementor-element-1829fad thim-ekits-heading-text-center elementor-widget thim-ekits-heading elementor-widget-thim-heading\" data-id=\"1829fad\" data-element_type=\"widget\" data-e-type=\"widget\" data-widget_type=\"thim-heading.default\">\n\t\t\t\t<div class=\"elementor-widget-container\">\n\t\t\t\t\t<div class=\"sc_heading text-center\"><h2 class=\"title\">Misi\u00f3n <\/h2><div class=\"sub-heading\"><p>Capacitamos y certificamos a ni\u00f1os, j\u00f3venes, adultos y organizaciones en el uso correcto, seguro y \u00e9tico de la tecnolog\u00eda. Lo hacemos a trav\u00e9s de programas de formaci\u00f3n presencial y en l\u00ednea, integrando el aprendizaje t\u00e9cnico con principios b\u00edblicos y discipulado, para formar personas \u00edntegras que reflejen valores cristianos en el mundo digital.<\/p>\n<\/div><\/div>\t\t\t\t<\/div>\n\t\t\t\t<\/div>\n\t\t\t\t<div class=\"elementor-element elementor-element-9e5ab04 thim-ekits-heading-text-center elementor-widget thim-ekits-heading elementor-widget-thim-heading\" data-id=\"9e5ab04\" data-element_type=\"widget\" data-e-type=\"widget\" data-widget_type=\"thim-heading.default\">\n\t\t\t\t<div class=\"elementor-widget-container\">\n\t\t\t\t\t<div class=\"sc_heading text-center\"><h2 class=\"title\">Visi\u00f3n <\/h2><div class=\"sub-heading\"><p>Ser una plataforma de referencia en la formaci\u00f3n tecnol\u00f3gica con principios cristianos, donde personas y organizaciones aprendan, crezcan y apliquen la tecnolog\u00eda con prop\u00f3sito, fe y excelencia. Deseamos inspirar una transformaci\u00f3n integral que conecte el desarrollo digital con el crecimiento espiritual.<\/p>\n<\/div><\/div>\t\t\t\t<\/div>\n\t\t\t\t<\/div>\n\t\t\t\t<div class=\"elementor-element elementor-element-e21f6f4 thim-ekits-heading-text-center elementor-widget thim-ekits-heading elementor-widget-thim-heading\" data-id=\"e21f6f4\" data-element_type=\"widget\" data-e-type=\"widget\" data-widget_type=\"thim-heading.default\">\n\t\t\t\t<div class=\"elementor-widget-container\">\n\t\t\t\t\t<div class=\"sc_heading text-center\"><h2 class=\"title\">Declaraci\u00f3n de fe <\/h2><div class=\"sub-heading\"><p>Creemos en un solo Dios, eterno y trino \u2014Padre, Hijo y Esp\u00edritu Santo\u2014 quien se ha revelado a la humanidad a trav\u00e9s de su palabra, la biblia, inspirada por Dios, sin error en sus escritos originales, y autoridad suprema para la fe, la conducta y los valores.<\/p>\n<p>Creemos que el ser humano fue creado a imagen de Dios, pero se apart\u00f3 de \u00c9l por el pecado. Jesucristo, vivi\u00f3 sin pecado, muri\u00f3 en nuestro lugar, resucit\u00f3 al tercer d\u00eda y ofrece salvaci\u00f3n y vida eterna a todo aquel que cree en \u00e9l y se arrepiente. La salvaci\u00f3n es un regalo de gracia, recibido por la fe, no por obras humanas.<\/p>\n<p>Creemos que el Esp\u00edritu Santo mora en cada creyente, transformando su mente y car\u00e1cter, capacit\u00e1ndolo para vivir con sabidur\u00eda, amor y santidad en medio del mundo.<\/p>\n<p>Creemos que Dios estableci\u00f3 el matrimonio entre hombre (XY) y mujer (XX) y la familia como fundamento de la sociedad. Todo creyente est\u00e1 llamado a reflejar el car\u00e1cter de Cristo en su vida diaria, utilizando los recursos con responsabilidad, integridad y prop\u00f3sito para la gloria de Dios incluyendo la tecnolog\u00eda.<\/p>\n<\/div><\/div>\t\t\t\t<\/div>\n\t\t\t\t<\/div>\n\t\t\t\t\t<\/div>\n\t\t<\/div>\n\t\t\t\t\t<\/div>\n\t\t<\/section>\n\t\t\t\t<section class=\"elementor-section elementor-top-section elementor-element elementor-element-f5be42d have_border_top none_line elementor-section-stretched elementor-section-boxed elementor-section-height-default elementor-section-height-default\" data-id=\"f5be42d\" data-element_type=\"section\" data-e-type=\"section\" data-settings=\"{&quot;stretch_section&quot;:&quot;section-stretched&quot;}\">\n\t\t\t\t\t\t<div class=\"elementor-container elementor-column-gap-extended\">\n\t\t\t\t\t<div class=\"elementor-column elementor-col-100 elementor-top-column elementor-element elementor-element-f330b27\" data-id=\"f330b27\" data-element_type=\"column\" data-e-type=\"column\">\n\t\t\t<div class=\"elementor-widget-wrap elementor-element-populated\">\n\t\t\t\t\t\t<div class=\"elementor-element elementor-element-5e08beb elementor-widget thim-widget-gallery-images\" data-id=\"5e08beb\" data-element_type=\"widget\" data-e-type=\"widget\" data-widget_type=\"thim-gallery-images.default\">\n\t\t\t\t<div class=\"elementor-widget-container\">\n\t\t\t\t\t<div class=\"thim-carousel-wrapper gallery-img not_have_color\" data-visible=\"5\" data-itemtablet=\"3\" data-autoplay=\"5000\" data-navigation=\"1\" data-pagination=\"0\" data-loop=\"true\"><div class=\"item\"><a target=\"_self\" href=\"#\"><img loading=\"lazy\" decoding=\"async\" width=\"145\" height=\"45\" src=\"https:\/\/digitalmente.org.gt\/wp-content\/uploads\/2022\/04\/banner1.png\" class=\"attachment-full size-full\" alt=\"banner1\" \/><\/a><\/div><div class=\"item\"><a target=\"_self\" href=\"#\"><img loading=\"lazy\" decoding=\"async\" width=\"145\" height=\"45\" src=\"https:\/\/digitalmente.org.gt\/wp-content\/uploads\/2022\/04\/banner2.png\" class=\"attachment-full size-full\" alt=\"banner2\" \/><\/a><\/div><div class=\"item\"><a target=\"_self\" href=\"#\"><img loading=\"lazy\" decoding=\"async\" width=\"145\" height=\"45\" src=\"https:\/\/digitalmente.org.gt\/wp-content\/uploads\/2022\/04\/banner3.png\" class=\"attachment-full size-full\" alt=\"banner3\" \/><\/a><\/div><div class=\"item\"><a target=\"_self\" href=\"#\"><img loading=\"lazy\" decoding=\"async\" width=\"145\" height=\"45\" src=\"https:\/\/digitalmente.org.gt\/wp-content\/uploads\/2022\/04\/banner4.png\" class=\"attachment-full size-full\" alt=\"banner4\" \/><\/a><\/div><div class=\"item\"><a target=\"_self\" href=\"#\"><img loading=\"lazy\" decoding=\"async\" width=\"145\" height=\"45\" src=\"https:\/\/digitalmente.org.gt\/wp-content\/uploads\/2022\/04\/banner5.png\" class=\"attachment-full size-full\" alt=\"banner5\" \/><\/a><\/div><div class=\"item\"><a target=\"_self\" href=\"#\"><img loading=\"lazy\" decoding=\"async\" width=\"145\" height=\"45\" src=\"https:\/\/digitalmente.org.gt\/wp-content\/uploads\/2022\/04\/banner6.png\" class=\"attachment-full size-full\" alt=\"banner6\" \/><\/a><\/div><div class=\"item\"><a target=\"_self\" href=\"#\"><img loading=\"lazy\" decoding=\"async\" width=\"145\" height=\"45\" src=\"https:\/\/digitalmente.org.gt\/wp-content\/uploads\/2022\/04\/banner7.png\" class=\"attachment-full size-full\" alt=\"banner7\" \/><\/a><\/div><div class=\"item\"><a target=\"_self\" href=\"#\"><img loading=\"lazy\" decoding=\"async\" width=\"145\" height=\"45\" src=\"https:\/\/digitalmente.org.gt\/wp-content\/uploads\/2022\/04\/banner8.png\" class=\"attachment-full size-full\" alt=\"banner8\" \/><\/a><\/div><\/div>\t\t\t\t<\/div>\n\t\t\t\t<\/div>\n\t\t\t\t\t<\/div>\n\t\t<\/div>\n\t\t\t\t\t<\/div>\n\t\t<\/section>\n\t\t\t\t<\/div>","protected":false},"excerpt":{"rendered":"<p>Digital Mente DigitalMente es una organizaci\u00f3n que forma personas \u00edntegras en un mundo digital. Unimos el aprendizaje de herramientas tecnol\u00f3gicas con principios b\u00edblicos, para que cada persona no solo se capacite para el mundo digital, sino que tambi\u00e9n fortalezca su &hellip; <\/p>","protected":false},"author":1,"featured_media":0,"parent":0,"menu_order":0,"comment_status":"closed","ping_status":"closed","template":"","meta":{"footnotes":""},"class_list":["post-2901","page","type-page","status-publish","hentry"],"_hostinger_reach_plugin_has_subscription_block":false,"_hostinger_reach_plugin_is_elementor":false,"_links":{"self":[{"href":"https:\/\/digitalmente.org.gt\/en\/wp-json\/wp\/v2\/pages\/2901","targetHints":{"allow":["GET"]}}],"collection":[{"href":"https:\/\/digitalmente.org.gt\/en\/wp-json\/wp\/v2\/pages"}],"about":[{"href":"https:\/\/digitalmente.org.gt\/en\/wp-json\/wp\/v2\/types\/page"}],"author":[{"embeddable":true,"href":"https:\/\/digitalmente.org.gt\/en\/wp-json\/wp\/v2\/users\/1"}],"replies":[{"embeddable":true,"href":"https:\/\/digitalmente.org.gt\/en\/wp-json\/wp\/v2\/comments?post=2901"}],"version-history":[{"count":22,"href":"https:\/\/digitalmente.org.gt\/en\/wp-json\/wp\/v2\/pages\/2901\/revisions"}],"predecessor-version":[{"id":16444,"href":"https:\/\/digitalmente.org.gt\/en\/wp-json\/wp\/v2\/pages\/2901\/revisions\/16444"}],"wp:attachment":[{"href":"https:\/\/digitalmente.org.gt\/en\/wp-json\/wp\/v2\/media?parent=2901"}],"curies":[{"name":"wp","href":"https:\/\/api.w.org\/{rel}","templated":true}]}}